{"id":26,"date":"2022-10-30T11:43:29","date_gmt":"2022-10-30T10:43:29","guid":{"rendered":"http:\/\/text.med-school.de\/?page_id=26"},"modified":"2022-10-30T12:03:09","modified_gmt":"2022-10-30T11:03:09","slug":"anmeldung","status":"publish","type":"page","link":"https:\/\/www.med-school.de\/?page_id=26","title":{"rendered":"Anmeldung"},"content":{"rendered":"\n<p><\/p>\n\n\n\n<p> <\/p>\n\n\n\n<p>Um die Skripte ausdrucken zu k\u00f6nnen, melden Sie sich bitte bei med-school.de an.<\/p>\n\n\n\n<p>F\u00fcr nur&nbsp;10 Euro&nbsp;(einmalige Geb\u00fchr) haben Sie vollen und unbegrenzten Zugriff auf alle Skripte.<\/p>\n\n\n\n<p><strong>1. Schritt:<\/strong>&nbsp;Schicken Sie uns eine eMail mit dem Betreff \u201cSkripte\u201d und ihrem Namen an folgende Adresse:<\/p>\n\n\n\n<p>medschoolskripte&nbsp;(at)&nbsp;gmail.com<\/p>\n\n\n\n<p>Dies wird ben\u00f6tigt, um Ihnen das Passwort per eMail zusenden zu k\u00f6nnen.<\/p>\n\n\n\n<p><strong>2. Schritt:<\/strong>&nbsp;\u00dcberweisung der Geb\u00fchr von 10 Euro an folgende Bankverbindung:<\/p>\n\n\n\n<p><\/p>\n\n\n\n<p> <\/p>\n\n\n\n<figure class=\"wp-block-table\"><table><tbody><tr><td>Empf\u00e4nger:<\/td><td>Werner<\/td><\/tr><tr><td>IBAN \/ Kontonummer:<\/td><td>DE88500105175430153574<\/td><\/tr><tr><td>BIC:<\/td><td>INGDDEFFXXX (ING)<\/td><\/tr><tr><td>Verwendungszweck:<\/td><td>bitte ihre eMail-Adresse angeben ( @ = at )<\/td><\/tr><\/tbody><\/table><\/figure>\n\n\n\n<p>Nach Eingang der Geb\u00fchr erhalten Sie&nbsp;umgehend&nbsp;eine eMail mit Ihrem Kennwort und Passwort (in der Regel am Folgetag nach T\u00e4tigung der \u00dcberweisung).<\/p>\n\n\n\n<p><strong>In dringenden F\u00e4llen k\u00f6nnen sie uns die \u00dcberweisungsbest\u00e4tigung per eMail (Screenshot) zumailen und erhalten dann zeitnah die Zugangsdaten schon vor Eingang der \u00dcberweisung.<\/strong><\/p>\n","protected":false},"excerpt":{"rendered":"<p>Um die Skripte ausdrucken zu k\u00f6nnen, melden Sie sich bitte bei med-school.de an. F\u00fcr nur&nbsp;10 Euro&nbsp;(einmalige Geb\u00fchr) haben Sie vollen und unbegrenzten Zugriff auf alle Skripte. 1. Schritt:&nbsp;Schicken Sie uns eine eMail mit dem Betreff \u201cSkripte\u201d und ihrem Namen an folgende Adresse: medschoolskripte&nbsp;(at)&nbsp;gmail.com Dies wird ben\u00f6tigt, um Ihnen das Passwort per eMail zusenden zu k\u00f6nnen. [&hellip;]<\/p>\n","protected":false},"author":1,"featured_media":0,"parent":0,"menu_order":5,"comment_status":"closed","ping_status":"closed","template":"","meta":{"footnotes":""},"class_list":["post-26","page","type-page","status-publish","hentry"],"yoast_head":"<!-- This site is optimized with the Yoast SEO plugin v27.4 - https:\/\/yoast.com\/product\/yoast-seo-wordpress\/ -->\n<title>Anmeldung - www.med-school.de<\/title>\n<meta name=\"robots\" content=\"index, follow, max-snippet:-1, max-image-preview:large, max-video-preview:-1\" \/>\n<link rel=\"canonical\" href=\"https:\/\/www.med-school.de\/?page_id=26\" \/>\n<meta property=\"og:locale\" content=\"de_DE\" \/>\n<meta property=\"og:type\" content=\"article\" \/>\n<meta property=\"og:title\" content=\"Anmeldung - www.med-school.de\" \/>\n<meta property=\"og:description\" content=\"Um die Skripte ausdrucken zu k\u00f6nnen, melden Sie sich bitte bei med-school.de an. F\u00fcr nur&nbsp;10 Euro&nbsp;(einmalige Geb\u00fchr) haben Sie vollen und unbegrenzten Zugriff auf alle Skripte. 1. Schritt:&nbsp;Schicken Sie uns eine eMail mit dem Betreff \u201cSkripte\u201d und ihrem Namen an folgende Adresse: medschoolskripte&nbsp;(at)&nbsp;gmail.com Dies wird ben\u00f6tigt, um Ihnen das Passwort per eMail zusenden zu k\u00f6nnen. [&hellip;]\" \/>\n<meta property=\"og:url\" content=\"https:\/\/www.med-school.de\/?page_id=26\" \/>\n<meta property=\"og:site_name\" content=\"www.med-school.de\" \/>\n<meta property=\"article:modified_time\" content=\"2022-10-30T11:03:09+00:00\" \/>\n<meta name=\"twitter:card\" content=\"summary_large_image\" \/>\n<meta name=\"twitter:label1\" content=\"Gesch\u00e4tzte Lesezeit\" \/>\n\t<meta name=\"twitter:data1\" content=\"1\u00a0Minute\" \/>\n<script type=\"application\/ld+json\" class=\"yoast-schema-graph\">{\"@context\":\"https:\\\/\\\/schema.org\",\"@graph\":[{\"@type\":\"WebPage\",\"@id\":\"https:\\\/\\\/www.med-school.de\\\/?page_id=26\",\"url\":\"https:\\\/\\\/www.med-school.de\\\/?page_id=26\",\"name\":\"Anmeldung - www.med-school.de\",\"isPartOf\":{\"@id\":\"https:\\\/\\\/www.med-school.de\\\/#website\"},\"datePublished\":\"2022-10-30T10:43:29+00:00\",\"dateModified\":\"2022-10-30T11:03:09+00:00\",\"breadcrumb\":{\"@id\":\"https:\\\/\\\/www.med-school.de\\\/?page_id=26#breadcrumb\"},\"inLanguage\":\"de\",\"potentialAction\":[{\"@type\":\"ReadAction\",\"target\":[\"https:\\\/\\\/www.med-school.de\\\/?page_id=26\"]}]},{\"@type\":\"BreadcrumbList\",\"@id\":\"https:\\\/\\\/www.med-school.de\\\/?page_id=26#breadcrumb\",\"itemListElement\":[{\"@type\":\"ListItem\",\"position\":1,\"name\":\"Startseite\",\"item\":\"https:\\\/\\\/www.med-school.de\\\/\"},{\"@type\":\"ListItem\",\"position\":2,\"name\":\"Anmeldung\"}]},{\"@type\":\"WebSite\",\"@id\":\"https:\\\/\\\/www.med-school.de\\\/#website\",\"url\":\"https:\\\/\\\/www.med-school.de\\\/\",\"name\":\"www.med-school.de\",\"description\":\"\",\"potentialAction\":[{\"@type\":\"SearchAction\",\"target\":{\"@type\":\"EntryPoint\",\"urlTemplate\":\"https:\\\/\\\/www.med-school.de\\\/?s={search_term_string}\"},\"query-input\":{\"@type\":\"PropertyValueSpecification\",\"valueRequired\":true,\"valueName\":\"search_term_string\"}}],\"inLanguage\":\"de\"}]}<\/script>\n<!-- \/ Yoast SEO plugin. -->","yoast_head_json":{"title":"Anmeldung - www.med-school.de","robots":{"index":"index","follow":"follow","max-snippet":"max-snippet:-1","max-image-preview":"max-image-preview:large","max-video-preview":"max-video-preview:-1"},"canonical":"https:\/\/www.med-school.de\/?page_id=26","og_locale":"de_DE","og_type":"article","og_title":"Anmeldung - www.med-school.de","og_description":"Um die Skripte ausdrucken zu k\u00f6nnen, melden Sie sich bitte bei med-school.de an. F\u00fcr nur&nbsp;10 Euro&nbsp;(einmalige Geb\u00fchr) haben Sie vollen und unbegrenzten Zugriff auf alle Skripte. 1. Schritt:&nbsp;Schicken Sie uns eine eMail mit dem Betreff \u201cSkripte\u201d und ihrem Namen an folgende Adresse: medschoolskripte&nbsp;(at)&nbsp;gmail.com Dies wird ben\u00f6tigt, um Ihnen das Passwort per eMail zusenden zu k\u00f6nnen. [&hellip;]","og_url":"https:\/\/www.med-school.de\/?page_id=26","og_site_name":"www.med-school.de","article_modified_time":"2022-10-30T11:03:09+00:00","twitter_card":"summary_large_image","twitter_misc":{"Gesch\u00e4tzte Lesezeit":"1\u00a0Minute"},"schema":{"@context":"https:\/\/schema.org","@graph":[{"@type":"WebPage","@id":"https:\/\/www.med-school.de\/?page_id=26","url":"https:\/\/www.med-school.de\/?page_id=26","name":"Anmeldung - www.med-school.de","isPartOf":{"@id":"https:\/\/www.med-school.de\/#website"},"datePublished":"2022-10-30T10:43:29+00:00","dateModified":"2022-10-30T11:03:09+00:00","breadcrumb":{"@id":"https:\/\/www.med-school.de\/?page_id=26#breadcrumb"},"inLanguage":"de","potentialAction":[{"@type":"ReadAction","target":["https:\/\/www.med-school.de\/?page_id=26"]}]},{"@type":"BreadcrumbList","@id":"https:\/\/www.med-school.de\/?page_id=26#breadcrumb","itemListElement":[{"@type":"ListItem","position":1,"name":"Startseite","item":"https:\/\/www.med-school.de\/"},{"@type":"ListItem","position":2,"name":"Anmeldung"}]},{"@type":"WebSite","@id":"https:\/\/www.med-school.de\/#website","url":"https:\/\/www.med-school.de\/","name":"www.med-school.de","description":"","potentialAction":[{"@type":"SearchAction","target":{"@type":"EntryPoint","urlTemplate":"https:\/\/www.med-school.de\/?s={search_term_string}"},"query-input":{"@type":"PropertyValueSpecification","valueRequired":true,"valueName":"search_term_string"}}],"inLanguage":"de"}]}},"jetpack_sharing_enabled":true,"_links":{"self":[{"href":"https:\/\/www.med-school.de\/index.php?rest_route=\/wp\/v2\/pages\/26","targetHints":{"allow":["GET"]}}],"collection":[{"href":"https:\/\/www.med-school.de\/index.php?rest_route=\/wp\/v2\/pages"}],"about":[{"href":"https:\/\/www.med-school.de\/index.php?rest_route=\/wp\/v2\/types\/page"}],"author":[{"embeddable":true,"href":"https:\/\/www.med-school.de\/index.php?rest_route=\/wp\/v2\/users\/1"}],"replies":[{"embeddable":true,"href":"https:\/\/www.med-school.de\/index.php?rest_route=%2Fwp%2Fv2%2Fcomments&post=26"}],"version-history":[{"count":4,"href":"https:\/\/www.med-school.de\/index.php?rest_route=\/wp\/v2\/pages\/26\/revisions"}],"predecessor-version":[{"id":35,"href":"https:\/\/www.med-school.de\/index.php?rest_route=\/wp\/v2\/pages\/26\/revisions\/35"}],"wp:attachment":[{"href":"https:\/\/www.med-school.de\/index.php?rest_route=%2Fwp%2Fv2%2Fmedia&parent=26"}],"curies":[{"name":"wp","href":"https:\/\/api.w.org\/{rel}","templated":true}]}}