{"id":28,"date":"2022-10-30T11:45:21","date_gmt":"2022-10-30T10:45:21","guid":{"rendered":"http:\/\/text.med-school.de\/?page_id=28"},"modified":"2023-02-11T22:41:05","modified_gmt":"2023-02-11T21:41:05","slug":"www-med-school-de","status":"publish","type":"page","link":"https:\/\/www.med-school.de\/","title":{"rendered":""},"content":{"rendered":"\n<p>Qualitativ hochwertige Skripte f\u00fcr das Studium der Humanmedizin und Zahnmedizin sowie die t\u00e4gliche Arbeit im \u00e4rztlichen Beruf und anderen Heilberufen.<\/p>\n","protected":false},"excerpt":{"rendered":"<p>Qualitativ hochwertige Skripte f\u00fcr das Studium der Humanmedizin und Zahnmedizin sowie die t\u00e4gliche Arbeit im \u00e4rztlichen Beruf und anderen Heilberufen.<\/p>\n","protected":false},"author":1,"featured_media":0,"parent":0,"menu_order":0,"comment_status":"closed","ping_status":"closed","template":"","meta":{"footnotes":""},"class_list":["post-28","page","type-page","status-publish","hentry"],"yoast_head":"<!-- This site is optimized with the Yoast SEO plugin v27.5 - https:\/\/yoast.com\/product\/yoast-seo-wordpress\/ -->\n<title>- www.med-school.de<\/title>\n<meta name=\"robots\" content=\"index, follow, max-snippet:-1, max-image-preview:large, max-video-preview:-1\" \/>\n<link rel=\"canonical\" href=\"https:\/\/www.med-school.de\/\" \/>\n<meta property=\"og:locale\" content=\"de_DE\" \/>\n<meta property=\"og:type\" content=\"article\" \/>\n<meta property=\"og:title\" content=\"- www.med-school.de\" \/>\n<meta property=\"og:description\" content=\"Qualitativ hochwertige Skripte f\u00fcr das Studium der Humanmedizin und Zahnmedizin sowie die t\u00e4gliche Arbeit im \u00e4rztlichen Beruf und anderen Heilberufen.\" \/>\n<meta property=\"og:url\" content=\"https:\/\/www.med-school.de\/\" \/>\n<meta property=\"og:site_name\" content=\"www.med-school.de\" \/>\n<meta property=\"article:modified_time\" content=\"2023-02-11T21:41:05+00:00\" \/>\n<meta name=\"twitter:card\" content=\"summary_large_image\" \/>\n<script type=\"application\/ld+json\" class=\"yoast-schema-graph\">{\"@context\":\"https:\\\/\\\/schema.org\",\"@graph\":[{\"@type\":\"WebPage\",\"@id\":\"https:\\\/\\\/www.med-school.de\\\/\",\"url\":\"https:\\\/\\\/www.med-school.de\\\/\",\"name\":\"- www.med-school.de\",\"isPartOf\":{\"@id\":\"https:\\\/\\\/www.med-school.de\\\/#website\"},\"datePublished\":\"2022-10-30T10:45:21+00:00\",\"dateModified\":\"2023-02-11T21:41:05+00:00\",\"inLanguage\":\"de\",\"potentialAction\":[{\"@type\":\"ReadAction\",\"target\":[\"https:\\\/\\\/www.med-school.de\\\/\"]}]},{\"@type\":\"WebSite\",\"@id\":\"https:\\\/\\\/www.med-school.de\\\/#website\",\"url\":\"https:\\\/\\\/www.med-school.de\\\/\",\"name\":\"www.med-school.de\",\"description\":\"\",\"potentialAction\":[{\"@type\":\"SearchAction\",\"target\":{\"@type\":\"EntryPoint\",\"urlTemplate\":\"https:\\\/\\\/www.med-school.de\\\/?s={search_term_string}\"},\"query-input\":{\"@type\":\"PropertyValueSpecification\",\"valueRequired\":true,\"valueName\":\"search_term_string\"}}],\"inLanguage\":\"de\"}]}<\/script>\n<!-- \/ Yoast SEO plugin. -->","yoast_head_json":{"title":"- www.med-school.de","robots":{"index":"index","follow":"follow","max-snippet":"max-snippet:-1","max-image-preview":"max-image-preview:large","max-video-preview":"max-video-preview:-1"},"canonical":"https:\/\/www.med-school.de\/","og_locale":"de_DE","og_type":"article","og_title":"- www.med-school.de","og_description":"Qualitativ hochwertige Skripte f\u00fcr das Studium der Humanmedizin und Zahnmedizin sowie die t\u00e4gliche Arbeit im \u00e4rztlichen Beruf und anderen Heilberufen.","og_url":"https:\/\/www.med-school.de\/","og_site_name":"www.med-school.de","article_modified_time":"2023-02-11T21:41:05+00:00","twitter_card":"summary_large_image","schema":{"@context":"https:\/\/schema.org","@graph":[{"@type":"WebPage","@id":"https:\/\/www.med-school.de\/","url":"https:\/\/www.med-school.de\/","name":"- www.med-school.de","isPartOf":{"@id":"https:\/\/www.med-school.de\/#website"},"datePublished":"2022-10-30T10:45:21+00:00","dateModified":"2023-02-11T21:41:05+00:00","inLanguage":"de","potentialAction":[{"@type":"ReadAction","target":["https:\/\/www.med-school.de\/"]}]},{"@type":"WebSite","@id":"https:\/\/www.med-school.de\/#website","url":"https:\/\/www.med-school.de\/","name":"www.med-school.de","description":"","potentialAction":[{"@type":"SearchAction","target":{"@type":"EntryPoint","urlTemplate":"https:\/\/www.med-school.de\/?s={search_term_string}"},"query-input":{"@type":"PropertyValueSpecification","valueRequired":true,"valueName":"search_term_string"}}],"inLanguage":"de"}]}},"jetpack_sharing_enabled":true,"_links":{"self":[{"href":"https:\/\/www.med-school.de\/index.php?rest_route=\/wp\/v2\/pages\/28","targetHints":{"allow":["GET"]}}],"collection":[{"href":"https:\/\/www.med-school.de\/index.php?rest_route=\/wp\/v2\/pages"}],"about":[{"href":"https:\/\/www.med-school.de\/index.php?rest_route=\/wp\/v2\/types\/page"}],"author":[{"embeddable":true,"href":"https:\/\/www.med-school.de\/index.php?rest_route=\/wp\/v2\/users\/1"}],"replies":[{"embeddable":true,"href":"https:\/\/www.med-school.de\/index.php?rest_route=%2Fwp%2Fv2%2Fcomments&post=28"}],"version-history":[{"count":5,"href":"https:\/\/www.med-school.de\/index.php?rest_route=\/wp\/v2\/pages\/28\/revisions"}],"predecessor-version":[{"id":151,"href":"https:\/\/www.med-school.de\/index.php?rest_route=\/wp\/v2\/pages\/28\/revisions\/151"}],"wp:attachment":[{"href":"https:\/\/www.med-school.de\/index.php?rest_route=%2Fwp%2Fv2%2Fmedia&parent=28"}],"curies":[{"name":"wp","href":"https:\/\/api.w.org\/{rel}","templated":true}]}}