{"id":9,"date":"2022-10-30T11:26:18","date_gmt":"2022-10-30T10:26:18","guid":{"rendered":"http:\/\/text.med-school.de\/?page_id=9"},"modified":"2025-09-25T21:43:04","modified_gmt":"2025-09-25T19:43:04","slug":"vorklinik","status":"publish","type":"page","link":"https:\/\/www.med-school.de\/?page_id=9","title":{"rendered":"Vorklinik"},"content":{"rendered":"\n<p><\/p>\n\n\n\n<p><\/p>\n\n\n\n<h2 class=\"wp-block-heading\"><strong>Anatomie<\/strong>&nbsp;<\/h2>\n\n\n\n<p>Alle Inhalte sind nach K\u00f6rperregionen geordnet.&nbsp;Besonders relevante Themen sind ausf\u00fchrlicher dargestellt.&nbsp;pdf-Format (400KB). 52 Seiten. <\/p>\n\n\n\n<p>Den ersten Teil des\u00a0Skriptes (26 von 52 Seiten) erstmal\u00a0<strong><a href=\"http:\/\/www.med-school.de\/med-skripte\/Skripte\/o-anatomie.pdf\" target=\"_blank\" rel=\"noreferrer noopener\">anschauen und probelesen<\/a><\/strong>.<\/p>\n\n\n\n<p>Das komplette Skript im\u00a0<strong><a href=\"http:\/\/www.med-school.de\/med-skripte\/secure\/s-anatomie.pdf\" target=\"_blank\" rel=\"noreferrer noopener\">A4-Format als Druckversion<\/a><\/strong>\u00a0(oder\u00a0<strong><a href=\"http:\/\/www.med-school.de\/med-skripte\/secure\/s-anatomie-d.pdf\" target=\"_blank\" rel=\"noreferrer noopener\">2 Seiten pro\u00a0A4-Format<\/a><\/strong>) anschauen bzw. herunterladen.\u00a0Hierzu ist eine\u00a0<strong><a href=\"https:\/\/www.med-school.de\/?page_id=26\">Anmeldung<\/a><\/strong>\u00a0notwendig.<\/p>\n\n\n\n<p>\u2014\u2014\u2014\u2014\u2014\u2014\u2014\u2014-<\/p>\n\n\n\n<h2 class=\"wp-block-heading\"><strong>70 Karteikarten der Anatomie<\/strong>&nbsp;<\/h2>\n\n\n\n<p>Das Skript der Anatomie als A5-Karteikarten. pdf-Format (250KB). 35 Seiten. <\/p>\n\n\n\n<p>Das Skript erstmal\u00a0<strong><a href=\"http:\/\/www.med-school.de\/med-skripte\/Skripte\/o-anatomie-karten.pdf\" target=\"_blank\" rel=\"noreferrer noopener\">anschauen und probelesen<\/a><\/strong>.<\/p>\n\n\n\n<p>Das Skript im A4-Format als\u00a0<strong><a href=\"http:\/\/www.med-school.de\/med-skripte\/secure\/s-anatomie-karten.pdf\" target=\"_blank\" rel=\"noreferrer noopener\">Druckversion<\/a><\/strong>\u00a0anschauen bzw. herunterladen.\u00a0Hierzu ist eine\u00a0<strong><a href=\"https:\/\/www.med-school.de\/?page_id=26\">Anmeldung<\/a><\/strong>\u00a0notwendig.<\/p>\n\n\n\n<p>\u2014\u2014\u2014\u2014\u2014\u2014\u2014\u2014-<\/p>\n\n\n\n<h2 class=\"wp-block-heading\"><strong>Tabellarisches Skript der Muskulatur<\/strong>&nbsp;<\/h2>\n\n\n\n<p>Alle Muskeln mit Ursprung + Ansatz + Innervation + Funktion. Nach K\u00f6rperregionen geordnet.&nbsp;pdf-Format (95KB). 9 Seiten. <\/p>\n\n\n\n<p>Das Skript erstmal\u00a0<strong><a href=\"http:\/\/www.med-school.de\/med-skripte\/Skripte\/o-muskeln.pdf\" target=\"_blank\" rel=\"noreferrer noopener\">anschauen und probelesen<\/a><\/strong>.<\/p>\n\n\n\n<p>Das Skript im A4-Format als\u00a0<strong><a href=\"http:\/\/www.med-school.de\/med-skripte\/secure\/s-muskeln.pdf\" target=\"_blank\" rel=\"noreferrer noopener\">Druckversion<\/a><\/strong>\u00a0anschauen bzw. herunterladen.\u00a0Hierzu ist eine\u00a0<strong><a href=\"https:\/\/www.med-school.de\/?page_id=26\">Anmeldung<\/a><\/strong>\u00a0notwendig.<\/p>\n\n\n\n<p>\u2014\u2014\u2014\u2014\u2014\u2014\u2014\u2014-<\/p>\n\n\n\n<h1 class=\"wp-block-heading\">Tabellarische \u00dcbersicht der Hirnnerven&nbsp;<\/h1>\n\n\n\n<p>Alle 12 Hirnnerven mit Kernen, Qualit\u00e4ten, Funktion + Innervation, Verlauf und Sch\u00e4deldurchtritt.&nbsp;pdf-Format (30KB). 2 Seiten. <\/p>\n\n\n\n<p>Das Skript erstmal\u00a0<strong><a href=\"http:\/\/www.med-school.de\/med-skripte\/Skripte\/o-hirnnerven.pdf\" target=\"_blank\" rel=\"noreferrer noopener\">anschauen und probelesen<\/a><\/strong>.<\/p>\n\n\n\n<p>Das Skript im A4-Format als\u00a0<strong><a href=\"http:\/\/www.med-school.de\/med-skripte\/secure\/s-hirnnerven.pdf\" target=\"_blank\" rel=\"noreferrer noopener\">Druckversion<\/a><\/strong>\u00a0anschauen bzw. herunterladen.\u00a0Hierzu ist eine\u00a0<strong><a href=\"https:\/\/www.med-school.de\/?page_id=26\">Anmeldung<\/a><\/strong>\u00a0notwendig.<\/p>\n\n\n\n<p>\u2014\u2014\u2014\u2014\u2014\u2014\u2014\u2014-<\/p>\n\n\n\n<h1 class=\"wp-block-heading\">Tabellarisches Skript der B\u00e4nder&nbsp;<\/h1>\n\n\n\n<p>Alle B\u00e4nder des K\u00f6rpers. Nach Regionen geordnet.&nbsp;pdf-Format (45KB). 4 Seiten. <\/p>\n\n\n\n<p>Das Skript erstmal\u00a0<strong><a href=\"http:\/\/www.med-school.de\/med-skripte\/Skripte\/o-baender.pdf\" target=\"_blank\" rel=\"noreferrer noopener\">anschauen und probelesen<\/a><\/strong>.<\/p>\n\n\n\n<p>Das Skript im A4-Format als\u00a0<strong><a href=\"http:\/\/www.med-school.de\/med-skripte\/secure\/s-baender.pdf\" target=\"_blank\" rel=\"noreferrer noopener\">Druckversion<\/a><\/strong>\u00a0anschauen bzw. herunterladen.\u00a0Hierzu ist eine\u00a0<strong><a href=\"https:\/\/www.med-school.de\/?page_id=26\">Anmeldung<\/a><\/strong>\u00a0notwendig.<\/p>\n\n\n\n<p>\u2014\u2014\u2014\u2014\u2014\u2014\u2014\u2014-<\/p>\n\n\n\n<h1 class=\"wp-block-heading\">Verzweigungsschema der Arterien des Menschen&nbsp;<\/h1>\n\n\n\n<p>Die arteriellen Gef\u00e4\u00dfe und ihre \u00c4ste. pdf-Format (45KB). 10 Seiten. <\/p>\n\n\n\n<p>Das Skript erstmal\u00a0<strong><a href=\"http:\/\/www.med-school.de\/med-skripte\/Skripte\/o-kreislauf.pdf\" target=\"_blank\" rel=\"noreferrer noopener\">anschauen und probelesen<\/a><\/strong>.<\/p>\n\n\n\n<p>Das Skript im A4-Format als\u00a0<strong><a href=\"http:\/\/www.med-school.de\/med-skripte\/secure\/s-kreislauf.pdf\" target=\"_blank\" rel=\"noreferrer noopener\">Druckversion<\/a><\/strong>\u00a0anschauen bzw. herunterladen.\u00a0Hierzu ist eine\u00a0<strong><a href=\"https:\/\/www.med-school.de\/?page_id=26\">Anmeldung<\/a><\/strong>\u00a0notwendig.<\/p>\n\n\n\n<p>\u2014\u2014\u2014\u2014\u2014\u2014\u2014\u2014-<\/p>\n\n\n\n<h1 class=\"wp-block-heading\">Knochenstrukturen&nbsp;<\/h1>\n\n\n\n<p>Das Skript erstmal\u00a0<strong><a href=\"http:\/\/www.med-school.de\/med-skripte\/Skripte\/o-knochen.pdf\" target=\"_blank\" rel=\"noreferrer noopener\">anschauen und probelesen<\/a><\/strong>.<\/p>\n\n\n\n<p>Das Skript im A4-Format als\u00a0<strong><a href=\"http:\/\/www.med-school.de\/med-skripte\/secure\/s-knochen.pdf\" target=\"_blank\" rel=\"noreferrer noopener\">Druckversion<\/a><\/strong>\u00a0anschauen bzw. herunterladen.\u00a0Hierzu ist eine\u00a0<strong><a href=\"https:\/\/www.med-school.de\/?page_id=26\">Anmeldung<\/a><\/strong>\u00a0notwendig.<\/p>\n\n\n\n<p>\u2014\u2014\u2014\u2014\u2014\u2014\u2014\u2014-<\/p>\n\n\n\n<h1 class=\"wp-block-heading\">Lexikon der medizinischen Terminologie&nbsp;<\/h1>\n\n\n\n<p>6 Seiten. pfd-Format. Gr\u00f6\u00dfe 50 KB. Alle wichtigen Begriffe der Terminologie. <\/p>\n\n\n\n<p>Das Skript erstmal\u00a0<strong><a href=\"http:\/\/www.med-school.de\/med-skripte\/Skripte\/o-terminologie.pdf\" target=\"_blank\" rel=\"noreferrer noopener\">anschauen und probelesen<\/a><\/strong>.<\/p>\n\n\n\n<p>Das Skript im A4-Format als\u00a0<strong><a href=\"http:\/\/www.med-school.de\/med-skripte\/secure\/s-terminologie.pdf\" target=\"_blank\" rel=\"noreferrer noopener\">Druckversion<\/a><\/strong>\u00a0anschauen bzw. herunterladen.\u00a0Hierzu ist eine\u00a0<strong><a href=\"https:\/\/www.med-school.de\/?page_id=26\">Anmeldung<\/a><\/strong>\u00a0notwendig.<\/p>\n\n\n\n<p>\u2014\u2014\u2014\u2014\u2014\u2014\u2014\u2014-<\/p>\n\n\n\n<h1 class=\"wp-block-heading\">Physiologie&nbsp;<\/h1>\n\n\n\n<p>Themen: Zelle, Membranpotential, Muskulatur, Sensomotorik, somatoviszerale Sensibilit\u00e4t, Schmerz, Gehirn, neurovegetative Regulation, Blut, Atmung, Atemgase und S\u00e4ure-Basen-Status, Herz, Blutkreislauf. pdf-Format (280KB). 35 Seiten.<\/p>\n\n\n\n<p>Das Skript erstmal\u00a0<strong><a href=\"http:\/\/www.med-school.de\/med-skripte\/Skripte\/o-physiologie.pdf\" target=\"_blank\" rel=\"noreferrer noopener\">anschauen und probelesen<\/a><\/strong>.<\/p>\n\n\n\n<p>Das Skript im A4-Format als\u00a0<strong><a href=\"http:\/\/www.med-school.de\/med-skripte\/secure\/s-physiologie.pdf\" target=\"_blank\" rel=\"noreferrer noopener\">Druckversion<\/a><\/strong>\u00a0anschauen bzw. herunterladen.\u00a0Hierzu ist eine\u00a0<strong><a href=\"https:\/\/www.med-school.de\/?page_id=26\">Anmeldung<\/a><\/strong>\u00a0notwendig.<\/p>\n\n\n\n<p>\u2014\u2014\u2014\u2014\u2014\u2014\u2014\u2014-<\/p>\n\n\n\n<h1 class=\"wp-block-heading\">Formelsammlung Physiologie&nbsp;<\/h1>\n\n\n\n<p>Das Skript erstmal\u00a0<strong><a href=\"http:\/\/www.med-school.de\/med-skripte\/Skripte\/o-physioformeln.pdf\" target=\"_blank\" rel=\"noreferrer noopener\">anschauen und probelesen<\/a><\/strong>.<\/p>\n\n\n\n<p>Das Skript im A4-Format als\u00a0<strong><a href=\"http:\/\/www.med-school.de\/med-skripte\/secure\/s-physioformeln.pdf\" target=\"_blank\" rel=\"noreferrer noopener\">Druckversion<\/a><\/strong>\u00a0anschauen bzw. herunterladen.\u00a0Hierzu ist eine\u00a0<strong><a href=\"https:\/\/www.med-school.de\/?page_id=26\">Anmeldung<\/a><\/strong>\u00a0notwendig.<\/p>\n\n\n\n<p>\u2014\u2014\u2014\u2014\u2014\u2014\u2014\u2014-<\/p>\n\n\n\n<h1 class=\"wp-block-heading\">Physiologie der Sinnesorgane&nbsp;<\/h1>\n\n\n\n<p>Das Skript erstmal\u00a0<strong><a href=\"http:\/\/www.med-school.de\/med-skripte\/Skripte\/o-physio-sinnesorgane.pdf\" target=\"_blank\" rel=\"noreferrer noopener\">anschauen und probelesen<\/a><\/strong>.<\/p>\n\n\n\n<p>Das Skript im A4-Format als\u00a0<strong><a href=\"http:\/\/www.med-school.de\/med-skripte\/secure\/s-physio-sinnesorgane.pdf\" target=\"_blank\" rel=\"noreferrer noopener\">Druckversion<\/a><\/strong>\u00a0anschauen bzw. herunterladen. Hierzu ist eine\u00a0<strong><a href=\"https:\/\/www.med-school.de\/?page_id=26\">Anmeldung<\/a><\/strong>\u00a0notwendig.<\/p>\n\n\n\n<p>\u2014\u2014\u2014\u2014\u2014\u2014\u2014\u2014-<\/p>\n\n\n\n<h1 class=\"wp-block-heading\">Chemie&nbsp;<\/h1>\n\n\n\n<p>Das Skript erstmal\u00a0<strong><a href=\"http:\/\/www.med-school.de\/med-skripte\/Skripte\/o-chemie.pdf\" target=\"_blank\" rel=\"noreferrer noopener\">anschauen und probelesen<\/a><\/strong>.<\/p>\n\n\n\n<p>Das Skript im A4-Format als\u00a0<strong><a href=\"http:\/\/www.med-school.de\/med-skripte\/secure\/s-chemie.pdf\" target=\"_blank\" rel=\"noreferrer noopener\">Druckversion<\/a><\/strong>\u00a0anschauen bzw. herunterladen. Hierzu ist eine\u00a0<strong><a href=\"https:\/\/www.med-school.de\/?page_id=26\">Anmeldung<\/a><\/strong>\u00a0notwendig.<\/p>\n\n\n\n<p>\u2014\u2014\u2014\u2014\u2014\u2014\u2014\u2014-<\/p>\n\n\n\n<h1 class=\"wp-block-heading\">Biochemie&nbsp;<\/h1>\n\n\n\n<p>Themen: Aminos\u00e4uren und Proteine, Kohlenhydrate, Lipide, Energiestoffwechsel. pdf-Format (200KB). 17 Seiten. <\/p>\n\n\n\n<p>Den ersten Teil des Skriptes (8 von 17 Seiten)\u00a0erstmal\u00a0<strong><a href=\"http:\/\/www.med-school.de\/med-skripte\/Skripte\/o-biochemie.pdf\" target=\"_blank\" rel=\"noreferrer noopener\">anschauen und probelesen<\/a><\/strong>.<\/p>\n\n\n\n<p>Das Skript im\u00a0<strong><a href=\"http:\/\/www.med-school.de\/med-skripte\/secure\/s-biochemie.pdf\" target=\"_blank\" rel=\"noreferrer noopener\">A4-Format als Druckversion<\/a><\/strong>\u00a0(oder\u00a0<strong><a href=\"http:\/\/www.med-school.de\/med-skripte\/secure\/s-biochemie-d.pdf\" target=\"_blank\" rel=\"noreferrer noopener\">2 Seiten pro A4-Format<\/a><\/strong>)\u00a0anschauen bzw. herunterladen.\u00a0Hierzu ist eine\u00a0<strong><a href=\"https:\/\/www.med-school.de\/?page_id=26\">Anmeldung<\/a><\/strong>\u00a0notwendig.<\/p>\n\n\n\n<p>\u2014\u2014\u2014\u2014\u2014\u2014\u2014\u2014-<\/p>\n\n\n\n<h1 class=\"wp-block-heading\">Referat: Biochemie \u2013 Muskelkontraktion&nbsp;<\/h1>\n\n\n\n<p>Das Skript erstmal\u00a0<strong><a href=\"http:\/\/www.med-school.de\/med-skripte\/Skripte\/o-biochemie-referat-muskel.pdf\" target=\"_blank\" rel=\"noreferrer noopener\">anschauen und probelesen<\/a><\/strong>.<\/p>\n\n\n\n<p>Das Skript im A4-Format als\u00a0<strong><a href=\"http:\/\/www.med-school.de\/med-skripte\/secure\/s-biochemie-referat-muskel.pdf\" target=\"_blank\" rel=\"noreferrer noopener\">Druckversion<\/a><\/strong>\u00a0anschauen bzw. herunterladen.\u00a0Hierzu ist eine\u00a0<strong><a href=\"https:\/\/www.med-school.de\/?page_id=26\">Anmeldung<\/a><\/strong>\u00a0notwendig.<\/p>\n\n\n\n<p>\u2014\u2014\u2014\u2014\u2014\u2014\u2014\u2014-<\/p>\n\n\n\n<h1 class=\"wp-block-heading\">Skript der allgemeinen Histologie&nbsp;<\/h1>\n\n\n\n<p>Themen: Zytologie, Epithelgewebe, Bindegewebe, Muskelgewebe, Nervengewebe, Blut.&nbsp;pdf-Format (80KB). 14 Seiten. <\/p>\n\n\n\n<p>Das Skript erstmal\u00a0<strong><a href=\"http:\/\/www.med-school.de\/med-skripte\/Skripte\/o-histo.pdf\" target=\"_blank\" rel=\"noreferrer noopener\">anschauen und probelesen<\/a><\/strong>.<\/p>\n\n\n\n<p>Das Skript im A4-Format als\u00a0<strong><a href=\"http:\/\/www.med-school.de\/med-skripte\/secure\/s-histo.pdf\" target=\"_blank\" rel=\"noreferrer noopener\">Druckversion<\/a><\/strong>\u00a0anschauen bzw. herunterladen.\u00a0Hierzu ist eine\u00a0<strong><a href=\"https:\/\/www.med-school.de\/?page_id=26\">Anmeldung<\/a><\/strong>\u00a0notwendig.<\/p>\n\n\n\n<p>\u2014\u2014\u2014\u2014\u2014\u2014\u2014\u2014-<\/p>\n\n\n\n<h1 class=\"wp-block-heading\">Skript der speziellen Histologie&nbsp;<\/h1>\n\n\n\n<p>Themen: Verdauungstrakt, Atemtrakt, Haut und Anhangsorgane, Niere und ableitende Harnwege, weibliche und m\u00e4nnliche Geschlechtsorgane, gro\u00dfe Dr\u00fcsen, endokrine Dr\u00fcsen.&nbsp;pdf-Format (160KB). 14 Seiten. <\/p>\n\n\n\n<p>Das Skript erstmal\u00a0<strong><a href=\"http:\/\/www.med-school.de\/med-skripte\/Skripte\/o-histo2.pdf\" target=\"_blank\" rel=\"noreferrer noopener\">anschauen und probelesen<\/a><\/strong>.<\/p>\n\n\n\n<p>Das Skript im A4-Format als\u00a0<strong><a href=\"http:\/\/www.med-school.de\/med-skripte\/secure\/s-histo2.pdf\" target=\"_blank\" rel=\"noreferrer noopener\">Druckversion<\/a><\/strong>\u00a0anschauen bzw. herunterladen.\u00a0Hierzu ist eine\u00a0<strong><a href=\"https:\/\/www.med-school.de\/?page_id=26\">Anmeldung<\/a><\/strong>\u00a0notwendig.<\/p>\n\n\n\n<h2 class=\"wp-block-heading\">\u2014\u2014\u2014\u2014\u2014\u2014\u2014\u2014\u2014\u2014\u2014\u2014\u2014\u2014\u2014\u2014-<\/h2>\n\n\n\n<h2 class=\"wp-block-heading\"><a href=\"http:\/\/Www.juri-Rosenfeld.de\" target=\"_blank\" rel=\"noreferrer noopener\">Alles, was man wissen muss<\/a><\/h2>\n","protected":false},"excerpt":{"rendered":"<p>Anatomie&nbsp; Alle Inhalte sind nach K\u00f6rperregionen geordnet.&nbsp;Besonders relevante Themen sind ausf\u00fchrlicher dargestellt.&nbsp;pdf-Format (400KB). 52 Seiten. Den ersten Teil des\u00a0Skriptes (26 von 52 Seiten) erstmal\u00a0anschauen und probelesen. Das komplette Skript im\u00a0A4-Format als Druckversion\u00a0(oder\u00a02 Seiten pro\u00a0A4-Format) anschauen bzw. herunterladen.\u00a0Hierzu ist eine\u00a0Anmeldung\u00a0notwendig. \u2014\u2014\u2014\u2014\u2014\u2014\u2014\u2014- 70 Karteikarten der Anatomie&nbsp; Das Skript der Anatomie als A5-Karteikarten. pdf-Format (250KB). 35 Seiten. Das [&hellip;]<\/p>\n","protected":false},"author":1,"featured_media":0,"parent":0,"menu_order":1,"comment_status":"closed","ping_status":"closed","template":"","meta":{"footnotes":""},"class_list":["post-9","page","type-page","status-publish","hentry"],"yoast_head":"<!-- This site is optimized with the Yoast SEO plugin v27.5 - https:\/\/yoast.com\/product\/yoast-seo-wordpress\/ -->\n<title>Vorklinik - www.med-school.de<\/title>\n<meta name=\"robots\" content=\"index, follow, max-snippet:-1, max-image-preview:large, max-video-preview:-1\" \/>\n<link rel=\"canonical\" href=\"https:\/\/www.med-school.de\/?page_id=9\" \/>\n<meta property=\"og:locale\" content=\"de_DE\" \/>\n<meta property=\"og:type\" content=\"article\" \/>\n<meta property=\"og:title\" content=\"Vorklinik - www.med-school.de\" \/>\n<meta property=\"og:description\" content=\"Anatomie&nbsp; Alle Inhalte sind nach K\u00f6rperregionen geordnet.&nbsp;Besonders relevante Themen sind ausf\u00fchrlicher dargestellt.&nbsp;pdf-Format (400KB). 52 Seiten. Den ersten Teil des\u00a0Skriptes (26 von 52 Seiten) erstmal\u00a0anschauen und probelesen. Das komplette Skript im\u00a0A4-Format als Druckversion\u00a0(oder\u00a02 Seiten pro\u00a0A4-Format) anschauen bzw. herunterladen.\u00a0Hierzu ist eine\u00a0Anmeldung\u00a0notwendig. \u2014\u2014\u2014\u2014\u2014\u2014\u2014\u2014- 70 Karteikarten der Anatomie&nbsp; Das Skript der Anatomie als A5-Karteikarten. pdf-Format (250KB). 35 Seiten. Das [&hellip;]\" \/>\n<meta property=\"og:url\" content=\"https:\/\/www.med-school.de\/?page_id=9\" \/>\n<meta property=\"og:site_name\" content=\"www.med-school.de\" \/>\n<meta property=\"article:modified_time\" content=\"2025-09-25T19:43:04+00:00\" \/>\n<meta name=\"twitter:card\" content=\"summary_large_image\" \/>\n<meta name=\"twitter:label1\" content=\"Gesch\u00e4tzte Lesezeit\" \/>\n\t<meta name=\"twitter:data1\" content=\"4\u00a0Minuten\" \/>\n<script type=\"application\/ld+json\" class=\"yoast-schema-graph\">{\"@context\":\"https:\\\/\\\/schema.org\",\"@graph\":[{\"@type\":\"WebPage\",\"@id\":\"https:\\\/\\\/www.med-school.de\\\/?page_id=9\",\"url\":\"https:\\\/\\\/www.med-school.de\\\/?page_id=9\",\"name\":\"Vorklinik - www.med-school.de\",\"isPartOf\":{\"@id\":\"https:\\\/\\\/www.med-school.de\\\/#website\"},\"datePublished\":\"2022-10-30T10:26:18+00:00\",\"dateModified\":\"2025-09-25T19:43:04+00:00\",\"breadcrumb\":{\"@id\":\"https:\\\/\\\/www.med-school.de\\\/?page_id=9#breadcrumb\"},\"inLanguage\":\"de\",\"potentialAction\":[{\"@type\":\"ReadAction\",\"target\":[\"https:\\\/\\\/www.med-school.de\\\/?page_id=9\"]}]},{\"@type\":\"BreadcrumbList\",\"@id\":\"https:\\\/\\\/www.med-school.de\\\/?page_id=9#breadcrumb\",\"itemListElement\":[{\"@type\":\"ListItem\",\"position\":1,\"name\":\"Startseite\",\"item\":\"https:\\\/\\\/www.med-school.de\\\/\"},{\"@type\":\"ListItem\",\"position\":2,\"name\":\"Vorklinik\"}]},{\"@type\":\"WebSite\",\"@id\":\"https:\\\/\\\/www.med-school.de\\\/#website\",\"url\":\"https:\\\/\\\/www.med-school.de\\\/\",\"name\":\"www.med-school.de\",\"description\":\"\",\"potentialAction\":[{\"@type\":\"SearchAction\",\"target\":{\"@type\":\"EntryPoint\",\"urlTemplate\":\"https:\\\/\\\/www.med-school.de\\\/?s={search_term_string}\"},\"query-input\":{\"@type\":\"PropertyValueSpecification\",\"valueRequired\":true,\"valueName\":\"search_term_string\"}}],\"inLanguage\":\"de\"}]}<\/script>\n<!-- \/ Yoast SEO plugin. -->","yoast_head_json":{"title":"Vorklinik - www.med-school.de","robots":{"index":"index","follow":"follow","max-snippet":"max-snippet:-1","max-image-preview":"max-image-preview:large","max-video-preview":"max-video-preview:-1"},"canonical":"https:\/\/www.med-school.de\/?page_id=9","og_locale":"de_DE","og_type":"article","og_title":"Vorklinik - www.med-school.de","og_description":"Anatomie&nbsp; Alle Inhalte sind nach K\u00f6rperregionen geordnet.&nbsp;Besonders relevante Themen sind ausf\u00fchrlicher dargestellt.&nbsp;pdf-Format (400KB). 52 Seiten. Den ersten Teil des\u00a0Skriptes (26 von 52 Seiten) erstmal\u00a0anschauen und probelesen. Das komplette Skript im\u00a0A4-Format als Druckversion\u00a0(oder\u00a02 Seiten pro\u00a0A4-Format) anschauen bzw. herunterladen.\u00a0Hierzu ist eine\u00a0Anmeldung\u00a0notwendig. \u2014\u2014\u2014\u2014\u2014\u2014\u2014\u2014- 70 Karteikarten der Anatomie&nbsp; Das Skript der Anatomie als A5-Karteikarten. pdf-Format (250KB). 35 Seiten. Das [&hellip;]","og_url":"https:\/\/www.med-school.de\/?page_id=9","og_site_name":"www.med-school.de","article_modified_time":"2025-09-25T19:43:04+00:00","twitter_card":"summary_large_image","twitter_misc":{"Gesch\u00e4tzte Lesezeit":"4\u00a0Minuten"},"schema":{"@context":"https:\/\/schema.org","@graph":[{"@type":"WebPage","@id":"https:\/\/www.med-school.de\/?page_id=9","url":"https:\/\/www.med-school.de\/?page_id=9","name":"Vorklinik - www.med-school.de","isPartOf":{"@id":"https:\/\/www.med-school.de\/#website"},"datePublished":"2022-10-30T10:26:18+00:00","dateModified":"2025-09-25T19:43:04+00:00","breadcrumb":{"@id":"https:\/\/www.med-school.de\/?page_id=9#breadcrumb"},"inLanguage":"de","potentialAction":[{"@type":"ReadAction","target":["https:\/\/www.med-school.de\/?page_id=9"]}]},{"@type":"BreadcrumbList","@id":"https:\/\/www.med-school.de\/?page_id=9#breadcrumb","itemListElement":[{"@type":"ListItem","position":1,"name":"Startseite","item":"https:\/\/www.med-school.de\/"},{"@type":"ListItem","position":2,"name":"Vorklinik"}]},{"@type":"WebSite","@id":"https:\/\/www.med-school.de\/#website","url":"https:\/\/www.med-school.de\/","name":"www.med-school.de","description":"","potentialAction":[{"@type":"SearchAction","target":{"@type":"EntryPoint","urlTemplate":"https:\/\/www.med-school.de\/?s={search_term_string}"},"query-input":{"@type":"PropertyValueSpecification","valueRequired":true,"valueName":"search_term_string"}}],"inLanguage":"de"}]}},"jetpack_sharing_enabled":true,"_links":{"self":[{"href":"https:\/\/www.med-school.de\/index.php?rest_route=\/wp\/v2\/pages\/9","targetHints":{"allow":["GET"]}}],"collection":[{"href":"https:\/\/www.med-school.de\/index.php?rest_route=\/wp\/v2\/pages"}],"about":[{"href":"https:\/\/www.med-school.de\/index.php?rest_route=\/wp\/v2\/types\/page"}],"author":[{"embeddable":true,"href":"https:\/\/www.med-school.de\/index.php?rest_route=\/wp\/v2\/users\/1"}],"replies":[{"embeddable":true,"href":"https:\/\/www.med-school.de\/index.php?rest_route=%2Fwp%2Fv2%2Fcomments&post=9"}],"version-history":[{"count":17,"href":"https:\/\/www.med-school.de\/index.php?rest_route=\/wp\/v2\/pages\/9\/revisions"}],"predecessor-version":[{"id":169,"href":"https:\/\/www.med-school.de\/index.php?rest_route=\/wp\/v2\/pages\/9\/revisions\/169"}],"wp:attachment":[{"href":"https:\/\/www.med-school.de\/index.php?rest_route=%2Fwp%2Fv2%2Fmedia&parent=9"}],"curies":[{"name":"wp","href":"https:\/\/api.w.org\/{rel}","templated":true}]}}